{"id":2152,"date":"2024-07-10T10:18:04","date_gmt":"2024-07-10T10:18:04","guid":{"rendered":"https:\/\/pasarelasdelguadalope.es\/?page_id=2152"},"modified":"2024-07-10T10:34:00","modified_gmt":"2024-07-10T10:34:00","slug":"quienes-somos","status":"publish","type":"page","link":"https:\/\/pasarelasdelguadalope.es\/index.php\/quienes-somos\/","title":{"rendered":"Quienes somos"},"content":{"rendered":"\t\t<div data-elementor-type=\"wp-page\" data-elementor-id=\"2152\" class=\"elementor elementor-2152\" data-elementor-post-type=\"page\">\n\t\t\t\t\t\t<section class=\"elementor-section elementor-top-section elementor-element elementor-element-13d8795e elementor-section-boxed elementor-section-height-default elementor-section-height-default\" data-id=\"13d8795e\" data-element_type=\"section\" data-e-type=\"section\" data-settings=\"{&quot;background_background&quot;:&quot;classic&quot;}\">\n\t\t\t\t\t\t\t<div class=\"elementor-background-overlay\"><\/div>\n\t\t\t\t\t\t\t<div class=\"elementor-container elementor-column-gap-default\">\n\t\t\t\t\t<div class=\"elementor-column elementor-col-100 elementor-top-column elementor-element elementor-element-1e21eacd\" data-id=\"1e21eacd\" data-element_type=\"column\" data-e-type=\"column\">\n\t\t\t<div class=\"elementor-widget-wrap elementor-element-populated\">\n\t\t\t\t\t\t<div class=\"elementor-element elementor-element-2e1e99a6 elementor-widget elementor-widget-text-editor\" data-id=\"2e1e99a6\" data-element_type=\"widget\" data-e-type=\"widget\" data-widget_type=\"text-editor.default\">\n\t\t\t\t<div class=\"elementor-widget-container\">\n\t\t\t\t\t\t\t\t\t<p>El r\u00edo Guadalope es el segundo afluente m\u00e1s largo de la margen derecha del r\u00edo Ebro, con una longitud de 160 km.<\/p>\t\t\t\t\t\t\t\t<\/div>\n\t\t\t\t<\/div>\n\t\t\t\t\t<\/div>\n\t\t<\/div>\n\t\t\t\t\t<\/div>\n\t\t<\/section>\n\t\t\t\t<section class=\"elementor-section elementor-top-section elementor-element elementor-element-133def27 elementor-section-boxed elementor-section-height-default elementor-section-height-default\" data-id=\"133def27\" data-element_type=\"section\" data-e-type=\"section\">\n\t\t\t\t\t\t<div class=\"elementor-container elementor-column-gap-default\">\n\t\t\t\t\t<div class=\"elementor-column elementor-col-50 elementor-top-column elementor-element elementor-element-7f1993bf\" data-id=\"7f1993bf\" data-element_type=\"column\" data-e-type=\"column\">\n\t\t\t<div class=\"elementor-widget-wrap elementor-element-populated\">\n\t\t\t\t\t\t<div class=\"elementor-element elementor-element-641e5627 elementor-widget elementor-widget-image\" data-id=\"641e5627\" data-element_type=\"widget\" data-e-type=\"widget\" data-widget_type=\"image.default\">\n\t\t\t\t<div class=\"elementor-widget-container\">\n\t\t\t\t\t\t\t\t\t\t\t\t\t\t\t<img fetchpriority=\"high\" decoding=\"async\" width=\"800\" height=\"534\" src=\"https:\/\/pasarelasdelguadalope.es\/wp-content\/uploads\/2024\/06\/09.03-Rio-Campos-1024x683.jpg\" class=\"attachment-large size-large wp-image-1128\" alt=\"09.03 Rio Campos\" srcset=\"https:\/\/pasarelasdelguadalope.es\/wp-content\/uploads\/2024\/06\/09.03-Rio-Campos-1024x683.jpg 1024w, https:\/\/pasarelasdelguadalope.es\/wp-content\/uploads\/2024\/06\/09.03-Rio-Campos-300x200.jpg 300w, https:\/\/pasarelasdelguadalope.es\/wp-content\/uploads\/2024\/06\/09.03-Rio-Campos-768x512.jpg 768w, https:\/\/pasarelasdelguadalope.es\/wp-content\/uploads\/2024\/06\/09.03-Rio-Campos-1536x1024.jpg 1536w, https:\/\/pasarelasdelguadalope.es\/wp-content\/uploads\/2024\/06\/09.03-Rio-Campos-2048x1365.jpg 2048w\" sizes=\"(max-width: 800px) 100vw, 800px\" \/>\t\t\t\t\t\t\t\t\t\t\t\t\t\t\t<\/div>\n\t\t\t\t<\/div>\n\t\t\t\t\t<\/div>\n\t\t<\/div>\n\t\t\t\t<div class=\"elementor-column elementor-col-50 elementor-top-column elementor-element elementor-element-7a304a59\" data-id=\"7a304a59\" data-element_type=\"column\" data-e-type=\"column\">\n\t\t\t<div class=\"elementor-widget-wrap elementor-element-populated\">\n\t\t\t\t\t\t<div class=\"elementor-element elementor-element-78c10ae elementor-widget elementor-widget-text-editor\" data-id=\"78c10ae\" data-element_type=\"widget\" data-e-type=\"widget\" data-widget_type=\"text-editor.default\">\n\t\t\t\t<div class=\"elementor-widget-container\">\n\t\t\t\t\t\t\t\t\tEl r\u00edo Guadalope es el segundo afluente m\u00e1s largo de la margen derecha del r\u00edo Ebro, con una longitud de 160 km. \nNace en la sierra de G\u00fadar, cerca de Villarroya de los Pinares y pronto se convierte en un r\u00edo en\u00e9rgico que, en su curso alto, entre los t\u00e9rminos de Aliaga y Castellote, atraviesa unas impresionantes hoces: Muelas y Estrechos del r\u00edo Guadalope, declaradas Lugar de Inter\u00e9s Comunitario (LIC) y una Zona Especial de Protecci\u00f3n para las Aves (ZEPA), en el total del trazado del recorrido. El sendero atraviesa el Espacio Natural Protegido del Monumento Natural de los \u00d3rganos de Montoro, as\u00ed como dos H\u00e1bitat de Inter\u00e9s Comunitario, con los bosques galer\u00eda de Salix alba y Populus alba, y las Pendientes rocosas calc\u00edcolas con vegetaci\u00f3n casmof\u00edtica. Tambi\u00e9n recorre el sendero dos importantes Lugares de Inter\u00e9s Geol\u00f3gico: el Parque Geol\u00f3gico de Aliaga y los \u00d3rganos de Montoro.\n\nTanto el ayuntamiento de Aliaga como la Asociaci\u00f3n para el Desarrollo de Montoro de Mezquita vieron pronto su potencial, y cada uno con sus medios, trat\u00f3 de hacer visitable algunos tramos del r\u00edo hasta hace poco inaccesibles. \n\t\t\t\t\t\t\t\t<\/div>\n\t\t\t\t<\/div>\n\t\t\t\t\t<\/div>\n\t\t<\/div>\n\t\t\t\t\t<\/div>\n\t\t<\/section>\n\t\t\t\t<section class=\"elementor-section elementor-top-section elementor-element elementor-element-59c62983 elementor-section-boxed elementor-section-height-default elementor-section-height-default\" data-id=\"59c62983\" data-element_type=\"section\" data-e-type=\"section\" data-settings=\"{&quot;background_background&quot;:&quot;classic&quot;}\">\n\t\t\t\t\t\t\t<div class=\"elementor-background-overlay\"><\/div>\n\t\t\t\t\t\t\t<div class=\"elementor-container elementor-column-gap-default\">\n\t\t\t\t\t<div class=\"elementor-column elementor-col-50 elementor-top-column elementor-element elementor-element-4c005cdb\" data-id=\"4c005cdb\" data-element_type=\"column\" data-e-type=\"column\">\n\t\t\t<div class=\"elementor-widget-wrap elementor-element-populated\">\n\t\t\t\t\t\t<div class=\"elementor-element elementor-element-2bc7b529 elementor-widget elementor-widget-text-editor\" data-id=\"2bc7b529\" data-element_type=\"widget\" data-e-type=\"widget\" data-widget_type=\"text-editor.default\">\n\t\t\t\t<div class=\"elementor-widget-container\">\n\t\t\t\t\t\t\t\t\t<p>El Ayuntamiento de Aliaga se\u00f1aliz\u00f3 parte del recorrido en dos fases, la primera entre el barrio de Santa B\u00e1rbara y la presa de la central de Aliaga, y en la segunda fase, continu\u00f3 desde el embalse de Aliaga por la Hoz Mala, hasta el l\u00edmite municipal, con los estrechos de Vallor\u00e9, a trav\u00e9s del FITE del 2018, con las que habilit\u00f3 pasarelas y sendas en el recorrido, as\u00ed como importantes miradores paisaj\u00edsticos y geol\u00f3gicos.<\/p><p>Por su parte en Montoro de Mezquita, gracias a los fondos FITE, la Comarca del Maestrazgo favoreci\u00f3 el acceso a trav\u00e9s de varios tramos de pasarelas hasta el estrecho de Vallor\u00e9, abriendo este magn\u00edfico valle a los visitantes y creando una ruta circular junto con el mirador de Vallor\u00e9.<\/p>\t\t\t\t\t\t\t\t<\/div>\n\t\t\t\t<\/div>\n\t\t\t\t\t<\/div>\n\t\t<\/div>\n\t\t\t\t<div class=\"elementor-column elementor-col-50 elementor-top-column elementor-element elementor-element-2ed5a222\" data-id=\"2ed5a222\" data-element_type=\"column\" data-e-type=\"column\">\n\t\t\t<div class=\"elementor-widget-wrap elementor-element-populated\">\n\t\t\t\t\t\t<div class=\"elementor-element elementor-element-ad05654 elementor-widget elementor-widget-text-editor\" data-id=\"ad05654\" data-element_type=\"widget\" data-e-type=\"widget\" data-widget_type=\"text-editor.default\">\n\t\t\t\t<div class=\"elementor-widget-container\">\n\t\t\t\t\t\t\t\t\tEntre ambos trazados quedaba un espacio susceptible de unir los dos tramos. Ah\u00ed entr\u00f3 el Departamento de Turismo del Gobierno de Arag\u00f3n, que gracias tambi\u00e9n a los Fondos FITE y al trabajo de la Federaci\u00f3n Aragonesa de Monta\u00f1a y la empresa PRAMES, consigui\u00f3 unir estos dos trazados y alargarlos hasta la conexi\u00f3n con el GR 8.1. pasados los \u00d3rganos de Montoro, para su integraci\u00f3n oficial en la Red de Senderos Tur\u00edsticos de Arag\u00f3n. \n\nDe esta manera qued\u00f3 constituido un magn\u00edfico sendero, que se inaugur\u00f3 en abril del a\u00f1o 2023, y que atraviesa uno de los paisajes m\u00e1s impresionantes de la provincia de Teruel, de gran riqueza geol\u00f3gica, paisaj\u00edstica y faun\u00edstica, que no dejan a nadie indiferente. \n\nEn los pueblos situados en el sendero y alrededores puedes encontrar alojamientos de todo tipo, restaurantes, bares y otros servicios. \n\nEn la actualidad, las Comarcas de Cuencas Mineras y Maestrazgo y los ayuntamientos de Aliaga y Villarluengo, estamos trabajando de forma conjunta en el mantenimiento y la promoci\u00f3n de este sendero tur\u00edstico.\n\n\t\t\t\t\t\t\t\t<\/div>\n\t\t\t\t<\/div>\n\t\t\t\t\t<\/div>\n\t\t<\/div>\n\t\t\t\t\t<\/div>\n\t\t<\/section>\n\t\t\t\t<section class=\"elementor-section elementor-top-section elementor-element elementor-element-6b485b9f elementor-section-boxed elementor-section-height-default elementor-section-height-default\" data-id=\"6b485b9f\" data-element_type=\"section\" data-e-type=\"section\">\n\t\t\t\t\t\t<div class=\"elementor-container elementor-column-gap-default\">\n\t\t\t\t\t<div class=\"elementor-column elementor-col-100 elementor-top-column elementor-element elementor-element-b4ea7cb\" data-id=\"b4ea7cb\" data-element_type=\"column\" data-e-type=\"column\" data-settings=\"{&quot;background_background&quot;:&quot;classic&quot;}\">\n\t\t\t<div class=\"elementor-widget-wrap elementor-element-populated\">\n\t\t\t\t\t\t<section class=\"elementor-section elementor-inner-section elementor-element elementor-element-35b59f9e elementor-section-boxed elementor-section-height-default elementor-section-height-default\" data-id=\"35b59f9e\" data-element_type=\"section\" data-e-type=\"section\">\n\t\t\t\t\t\t<div class=\"elementor-container elementor-column-gap-default\">\n\t\t\t\t\t<div class=\"elementor-column elementor-col-100 elementor-inner-column elementor-element elementor-element-1032767f\" data-id=\"1032767f\" data-element_type=\"column\" data-e-type=\"column\" data-settings=\"{&quot;background_background&quot;:&quot;classic&quot;}\">\n\t\t\t<div class=\"elementor-widget-wrap elementor-element-populated\">\n\t\t\t\t\t\t<div class=\"elementor-element elementor-element-386f818c elementor-widget elementor-widget-text-editor\" data-id=\"386f818c\" data-element_type=\"widget\" data-e-type=\"widget\" data-widget_type=\"text-editor.default\">\n\t\t\t\t<div class=\"elementor-widget-container\">\n\t\t\t\t\t\t\t\t\t<p>\u00bfQuieres conocer el recorrido?<\/p><p>\u00a1Hemos preparado todo el itinerario para que lo teng\u00e1s muy f\u00e1cil!<\/p>\t\t\t\t\t\t\t\t<\/div>\n\t\t\t\t<\/div>\n\t\t\t\t<div class=\"elementor-element elementor-element-488df841 elementor-align-left elementor-tablet-align-left elementor-mobile-align-center elementor-widget elementor-widget-button\" data-id=\"488df841\" data-element_type=\"widget\" data-e-type=\"widget\" data-widget_type=\"button.default\">\n\t\t\t\t<div class=\"elementor-widget-container\">\n\t\t\t\t\t\t\t\t\t<div class=\"elementor-button-wrapper\">\n\t\t\t\t\t<a class=\"elementor-button elementor-button-link elementor-size-sm elementor-animation-grow\" href=\"https:\/\/pasarelasdelguadalope.es\/index.php\/el-recorrido\/\">\n\t\t\t\t\t\t<span class=\"elementor-button-content-wrapper\">\n\t\t\t\t\t\t<span class=\"elementor-button-icon\">\n\t\t\t\t<svg aria-hidden=\"true\" class=\"e-font-icon-svg e-fas-long-arrow-alt-right\" viewBox=\"0 0 448 512\" xmlns=\"http:\/\/www.w3.org\/2000\/svg\"><path d=\"M313.941 216H12c-6.627 0-12 5.373-12 12v56c0 6.627 5.373 12 12 12h301.941v46.059c0 21.382 25.851 32.09 40.971 16.971l86.059-86.059c9.373-9.373 9.373-24.569 0-33.941l-86.059-86.059c-15.119-15.119-40.971-4.411-40.971 16.971V216z\"><\/path><\/svg>\t\t\t<\/span>\n\t\t\t\t\t\t\t\t\t<span class=\"elementor-button-text\">RECORRIDO<\/span>\n\t\t\t\t\t<\/span>\n\t\t\t\t\t<\/a>\n\t\t\t\t<\/div>\n\t\t\t\t\t\t\t\t<\/div>\n\t\t\t\t<\/div>\n\t\t\t\t\t<\/div>\n\t\t<\/div>\n\t\t\t\t\t<\/div>\n\t\t<\/section>\n\t\t\t\t\t<\/div>\n\t\t<\/div>\n\t\t\t\t\t<\/div>\n\t\t<\/section>\n\t\t\t\t<section class=\"elementor-section elementor-top-section elementor-element elementor-element-09fc041 elementor-section-boxed elementor-section-height-default elementor-section-height-default\" data-id=\"09fc041\" data-element_type=\"section\" data-e-type=\"section\">\n\t\t\t\t\t\t<div class=\"elementor-container elementor-column-gap-default\">\n\t\t\t\t\t<div class=\"elementor-column elementor-col-100 elementor-top-column elementor-element elementor-element-459ce00\" data-id=\"459ce00\" data-element_type=\"column\" data-e-type=\"column\">\n\t\t\t<div class=\"elementor-widget-wrap elementor-element-populated\">\n\t\t\t\t\t\t<section class=\"elementor-section elementor-inner-section elementor-element elementor-element-acb00e0 elementor-section-boxed elementor-section-height-default elementor-section-height-default\" data-id=\"acb00e0\" data-element_type=\"section\" data-e-type=\"section\">\n\t\t\t\t\t\t<div class=\"elementor-container elementor-column-gap-default\">\n\t\t\t\t\t<div class=\"elementor-column elementor-col-50 elementor-inner-column elementor-element elementor-element-cf12f41\" data-id=\"cf12f41\" data-element_type=\"column\" data-e-type=\"column\">\n\t\t\t<div class=\"elementor-widget-wrap elementor-element-populated\">\n\t\t\t\t\t\t<div class=\"elementor-element elementor-element-fb70b33 elementor-widget elementor-widget-image\" data-id=\"fb70b33\" data-element_type=\"widget\" data-e-type=\"widget\" data-widget_type=\"image.default\">\n\t\t\t\t<div class=\"elementor-widget-container\">\n\t\t\t\t\t\t\t\t\t\t\t\t\t\t\t<img decoding=\"async\" width=\"537\" height=\"409\" src=\"https:\/\/pasarelasdelguadalope.es\/wp-content\/uploads\/2024\/04\/logo-comarcamaestrazgo-teruel.png\" class=\"attachment-large size-large wp-image-594\" alt=\"logo comarcamaestrazgo teruel\" srcset=\"https:\/\/pasarelasdelguadalope.es\/wp-content\/uploads\/2024\/04\/logo-comarcamaestrazgo-teruel.png 537w, https:\/\/pasarelasdelguadalope.es\/wp-content\/uploads\/2024\/04\/logo-comarcamaestrazgo-teruel-300x228.png 300w\" sizes=\"(max-width: 537px) 100vw, 537px\" \/>\t\t\t\t\t\t\t\t\t\t\t\t\t\t\t<\/div>\n\t\t\t\t<\/div>\n\t\t\t\t\t<\/div>\n\t\t<\/div>\n\t\t\t\t<div class=\"elementor-column elementor-col-50 elementor-inner-column elementor-element elementor-element-0a992c7\" data-id=\"0a992c7\" data-element_type=\"column\" data-e-type=\"column\">\n\t\t\t<div class=\"elementor-widget-wrap elementor-element-populated\">\n\t\t\t\t\t\t<div class=\"elementor-element elementor-element-6595652 elementor-widget elementor-widget-image\" data-id=\"6595652\" data-element_type=\"widget\" data-e-type=\"widget\" data-widget_type=\"image.default\">\n\t\t\t\t<div class=\"elementor-widget-container\">\n\t\t\t\t\t\t\t\t\t\t\t\t\t\t\t<img decoding=\"async\" width=\"537\" height=\"409\" src=\"https:\/\/pasarelasdelguadalope.es\/wp-content\/uploads\/2024\/04\/cuencas-mineras-logo.jpeg\" class=\"attachment-large size-large wp-image-593\" alt=\"cuencas mineras logo\" srcset=\"https:\/\/pasarelasdelguadalope.es\/wp-content\/uploads\/2024\/04\/cuencas-mineras-logo.jpeg 537w, https:\/\/pasarelasdelguadalope.es\/wp-content\/uploads\/2024\/04\/cuencas-mineras-logo-300x228.jpeg 300w\" sizes=\"(max-width: 537px) 100vw, 537px\" \/>\t\t\t\t\t\t\t\t\t\t\t\t\t\t\t<\/div>\n\t\t\t\t<\/div>\n\t\t\t\t\t<\/div>\n\t\t<\/div>\n\t\t\t\t\t<\/div>\n\t\t<\/section>\n\t\t\t\t\t<\/div>\n\t\t<\/div>\n\t\t\t\t\t<\/div>\n\t\t<\/section>\n\t\t\t\t<\/div>\n\t\t","protected":false},"excerpt":{"rendered":"<p>El r\u00edo Guadalope es el segundo afluente m\u00e1s largo de la margen derecha del r\u00edo Ebro, con una longitud de 160 km. El r\u00edo Guadalope es el segundo afluente m\u00e1s largo de la margen derecha del r\u00edo Ebro, con una longitud de 160 km. Nace en la sierra de G\u00fadar, cerca de Villarroya de los [&hellip;]<\/p>\n","protected":false},"author":1,"featured_media":0,"parent":0,"menu_order":0,"comment_status":"closed","ping_status":"closed","template":"","meta":{"footnotes":""},"class_list":["post-2152","page","type-page","status-publish","hentry"],"_links":{"self":[{"href":"https:\/\/pasarelasdelguadalope.es\/index.php\/wp-json\/wp\/v2\/pages\/2152","targetHints":{"allow":["GET"]}}],"collection":[{"href":"https:\/\/pasarelasdelguadalope.es\/index.php\/wp-json\/wp\/v2\/pages"}],"about":[{"href":"https:\/\/pasarelasdelguadalope.es\/index.php\/wp-json\/wp\/v2\/types\/page"}],"author":[{"embeddable":true,"href":"https:\/\/pasarelasdelguadalope.es\/index.php\/wp-json\/wp\/v2\/users\/1"}],"replies":[{"embeddable":true,"href":"https:\/\/pasarelasdelguadalope.es\/index.php\/wp-json\/wp\/v2\/comments?post=2152"}],"version-history":[{"count":29,"href":"https:\/\/pasarelasdelguadalope.es\/index.php\/wp-json\/wp\/v2\/pages\/2152\/revisions"}],"predecessor-version":[{"id":2195,"href":"https:\/\/pasarelasdelguadalope.es\/index.php\/wp-json\/wp\/v2\/pages\/2152\/revisions\/2195"}],"wp:attachment":[{"href":"https:\/\/pasarelasdelguadalope.es\/index.php\/wp-json\/wp\/v2\/media?parent=2152"}],"curies":[{"name":"wp","href":"https:\/\/api.w.org\/{rel}","templated":true}]}}